{"id":406435,"date":"2021-01-31T08:00:22","date_gmt":"2021-01-31T07:00:22","guid":{"rendered":"https:\/\/waffenkammer-online.de\/?post_type=product&#038;p=406435"},"modified":"2023-10-15T12:35:54","modified_gmt":"2023-10-15T10:35:54","slug":"kleid-magdalena-gruen-natur","status":"publish","type":"product","link":"https:\/\/waffenkammer-online.de\/en\/product\/kleid-magdalena-gruen-natur\/","title":{"rendered":"Kleid Magdalena gr\u00fcn-natur"},"content":{"rendered":"<h2>Kleid Magdalena gr\u00fcn-natur<\/h2>\n<p>Dieses wundersch\u00f6ne Mittelalterkleid MAGDALENA mit Kapuze ist unglaublich bequem zu tragen. Durch die Materialzusammensetzung aus 85% Baumwolle und 15% Leinen f\u00e4llt es leicht.<br \/>\nDurch die Schn\u00fcrungen an der Vorder- und der R\u00fcckseite passt es sich wunderbar an Deinen K\u00f6rper an. Die edlen Borten versehen nicht nur die Vorderseite des sch\u00f6nen Kleides, sondern auch die leicht ausgestellen \u00c4rmel und die Kaputze, die dem Kleid das besonderes Etwas verleiht.<br \/>\nIn diesem Kleid stehst Du auf dem n\u00e4chsten Mittelalterfest im Mittelpunkt.<\/p>\n","protected":false},"excerpt":{"rendered":"<table>\n<tbody>\n<tr>\n<td width=\"962\">\u25cf Farbe: gr\u00fcn-natur<br \/>\n\u25cf Material: 85% Baumwolle, 15% Leinen<br \/>\n\u25cf In drei Gr\u00f6\u00dfen verf\u00fcgbar<\/td>\n<\/tr>\n<\/tbody>\n<\/table>\n","protected":false},"featured_media":5663,"comment_status":"open","ping_status":"closed","template":"","meta":{"inline_featured_image":false},"product_brand":[],"product_cat":[662,663,664],"product_tag":[],"class_list":{"0":"post-406435","1":"product","2":"type-product","3":"status-publish","4":"has-post-thumbnail","6":"product_cat-clothing","7":"product_cat-women","8":"product_cat-garments","9":"product_shipping_class-versand-allgemein","10":"pa_produkt-farbe-bordeaux-schwarz-en","11":"pa_produkt-farbe-gruen-natur-en","12":"pa_produkt-farbe-bordeaux-natur-en","13":"pa_produkt-groesse-s-m-en","14":"pa_produkt-groesse-l-xl-en","15":"pa_produkt-groesse-xxl-en","17":"first","18":"outofstock","19":"taxable","20":"shipping-taxable","21":"purchasable","22":"product-type-variable","23":"has-default-attributes"},"bundle_layout":"","bundled_by":[],"bundled_items":[],"acf":[],"_links":{"self":[{"href":"https:\/\/waffenkammer-online.de\/en\/wp-json\/wp\/v2\/product\/406435","targetHints":{"allow":["GET"]}}],"collection":[{"href":"https:\/\/waffenkammer-online.de\/en\/wp-json\/wp\/v2\/product"}],"about":[{"href":"https:\/\/waffenkammer-online.de\/en\/wp-json\/wp\/v2\/types\/product"}],"replies":[{"embeddable":true,"href":"https:\/\/waffenkammer-online.de\/en\/wp-json\/wp\/v2\/comments?post=406435"}],"wp:featuredmedia":[{"embeddable":true,"href":"https:\/\/waffenkammer-online.de\/en\/wp-json\/wp\/v2\/media\/5663"}],"wp:attachment":[{"href":"https:\/\/waffenkammer-online.de\/en\/wp-json\/wp\/v2\/media?parent=406435"}],"wp:term":[{"taxonomy":"product_brand","embeddable":true,"href":"https:\/\/waffenkammer-online.de\/en\/wp-json\/wp\/v2\/product_brand?post=406435"},{"taxonomy":"product_cat","embeddable":true,"href":"https:\/\/waffenkammer-online.de\/en\/wp-json\/wp\/v2\/product_cat?post=406435"},{"taxonomy":"product_tag","embeddable":true,"href":"https:\/\/waffenkammer-online.de\/en\/wp-json\/wp\/v2\/product_tag?post=406435"}],"curies":[{"name":"wp","href":"https:\/\/api.w.org\/{rel}","templated":true}]}}